{"id":3287,"date":"2016-10-03T10:24:58","date_gmt":"2016-10-03T08:24:58","guid":{"rendered":"http:\/\/www.haprotechnik.com\/bestellvorgang\/"},"modified":"2021-11-02T14:28:12","modified_gmt":"2021-11-02T13:28:12","slug":"ordering-process","status":"publish","type":"page","link":"https:\/\/www.haprotechnik.com\/en\/ordering-process\/","title":{"rendered":"Ordering process"},"content":{"rendered":"\t\t<div data-elementor-type=\"wp-post\" data-elementor-id=\"3287\" class=\"elementor elementor-3287 elementor-1029\" data-elementor-post-type=\"page\">\n\t\t\t\t\t\t<section class=\"elementor-section elementor-top-section elementor-element elementor-element-66da0acc elementor-section-boxed elementor-section-height-default elementor-section-height-default\" data-id=\"66da0acc\" data-element_type=\"section\" data-e-type=\"section\">\n\t\t\t\t\t\t<div class=\"elementor-container elementor-column-gap-default\">\n\t\t\t\t\t<div class=\"elementor-column elementor-col-100 elementor-top-column elementor-element elementor-element-6d62be82\" data-id=\"6d62be82\" data-element_type=\"column\" data-e-type=\"column\">\n\t\t\t<div class=\"elementor-widget-wrap elementor-element-populated\">\n\t\t\t\t\t\t<div class=\"elementor-element elementor-element-bea3c76 elementor-widget elementor-widget-spacer\" data-id=\"bea3c76\" data-element_type=\"widget\" data-e-type=\"widget\" data-widget_type=\"spacer.default\">\n\t\t\t\t<div class=\"elementor-widget-container\">\n\t\t\t\t\t\t\t<div class=\"elementor-spacer\">\n\t\t\t<div class=\"elementor-spacer-inner\"><\/div>\n\t\t<\/div>\n\t\t\t\t\t\t<\/div>\n\t\t\t\t<\/div>\n\t\t\t\t<div class=\"elementor-element elementor-element-7c8c688 elementor-widget elementor-widget-spacer\" data-id=\"7c8c688\" data-element_type=\"widget\" data-e-type=\"widget\" data-widget_type=\"spacer.default\">\n\t\t\t\t<div class=\"elementor-widget-container\">\n\t\t\t\t\t\t\t<div class=\"elementor-spacer\">\n\t\t\t<div class=\"elementor-spacer-inner\"><\/div>\n\t\t<\/div>\n\t\t\t\t\t\t<\/div>\n\t\t\t\t<\/div>\n\t\t\t\t<div class=\"elementor-element elementor-element-570bfd5 elementor-widget elementor-widget-heading\" data-id=\"570bfd5\" data-element_type=\"widget\" data-e-type=\"widget\" data-widget_type=\"heading.default\">\n\t\t\t\t<div class=\"elementor-widget-container\">\n\t\t\t\t\t<h3 class=\"elementor-heading-title elementor-size-default\">ORDERING PROCESS<\/h3>\t\t\t\t<\/div>\n\t\t\t\t<\/div>\n\t\t\t\t<div class=\"elementor-element elementor-element-cd96be5 elementor-widget elementor-widget-spacer\" data-id=\"cd96be5\" data-element_type=\"widget\" data-e-type=\"widget\" data-widget_type=\"spacer.default\">\n\t\t\t\t<div class=\"elementor-widget-container\">\n\t\t\t\t\t\t\t<div class=\"elementor-spacer\">\n\t\t\t<div class=\"elementor-spacer-inner\"><\/div>\n\t\t<\/div>\n\t\t\t\t\t\t<\/div>\n\t\t\t\t<\/div>\n\t\t\t\t<div class=\"elementor-element elementor-element-7717fc1b elementor-widget elementor-widget-text-editor\" data-id=\"7717fc1b\" data-element_type=\"widget\" data-e-type=\"widget\" data-widget_type=\"text-editor.default\">\n\t\t\t\t<div class=\"elementor-widget-container\">\n\t\t\t\t\t\t\t\t\t<p><span style=\"font-weight: 500; font-size: 17px;\"><br \/>1. SHOPPING CART<br \/>\n<\/span><br \/><span style=\"font-size: 17px;\">Select the products you wold like to order by clicking the \u201cAdd to Cart\u201d button. This will put your selection in the cart. You can change this selection at any time until submitting your order by changing the number of products, delete the selection by clicking on the \u201eRemove\u201d button or by canceling the order process. By clicking the \u201eCheckout\u201d button you will get to the next order step.<\/span><\/p>\n<p><span style=\"font-weight: 500; font-size: 17px;\"><br \/>2. CHECKOUT<br \/>\n<\/span><br \/><span style=\"font-size: 17px;\">Please log in with your e-mail adress and your password if you already have a costumer account. Otherwise, please register as a new costumer.<br \/>\nYour data will be collected, processed and used in accordance with the data protection regulations (privacy notice). Any other use or disclosure to third parties does not occur. If you are already logged in, you can now select the shipping method. By clicking the \u201eContinue\u201d button you will get to the next order step.<br \/>\n<\/span><\/p>\n<p><span style=\"font-weight: 500; font-size: 17px;\"><br \/>3. CHECK INVOICE ADDRESS \/ SELECT PAYMENT METHOD<br \/>\n<\/span><span style=\"font-size: 17px;\">\u00fcberpr\u00fcfen Sie nun Ihre Rechnungsadresse und geben Sie Ihre gew\u00fcnschte Zahlungsweise an. Durch Klicken des Buttons \u201cWeiter\u201d gelangen Sie zum n\u00e4chsten Bestellschritt.<\/span><\/p>\n<p><span style=\"font-weight: 500; font-size: 17px;\"><br \/>4. CHECK SHIPPING ADRESS \/ SELECT SHIPPING METHOD<br \/>\n<\/span><span style=\"font-size: 17px;\">Check your shipping adress and enter your desired shipping method. By clicking the \u201eContinue\u201d button you will get to the next order step.<\/span><\/p>\n<p><span style=\"font-weight: 500; font-size: 17px;\"><br \/>5. COMPLETE ORDERING PROCESS \/ TERMS AND PRIVACY<br \/>\n<\/span><br \/><span style=\"font-size: 17px;\">Your will receive an overview of your order: the selected products, the shipping and invoice address and your contact details. Please check that all information is correct and read carefully the general term and conditions and the cancellation policy. You can only proceed with the order if you agree to the terms and conditions and privacy policy (check box). By clicking the \u201ePurchase\u201d button you will send us your order. By your purchase order you submit a legally binding offer.<\/span><\/p>\n\t\t\t\t\t\t\t\t<\/div>\n\t\t\t\t<\/div>\n\t\t\t\t<div class=\"elementor-element elementor-element-e929b40 elementor-widget elementor-widget-spacer\" data-id=\"e929b40\" data-element_type=\"widget\" data-e-type=\"widget\" data-widget_type=\"spacer.default\">\n\t\t\t\t<div class=\"elementor-widget-container\">\n\t\t\t\t\t\t\t<div class=\"elementor-spacer\">\n\t\t\t<div class=\"elementor-spacer-inner\"><\/div>\n\t\t<\/div>\n\t\t\t\t\t\t<\/div>\n\t\t\t\t<\/div>\n\t\t\t\t\t<\/div>\n\t\t<\/div>\n\t\t\t\t\t<\/div>\n\t\t<\/section>\n\t\t\t\t<\/div>\n\t\t","protected":false},"excerpt":{"rendered":"<p>ORDERING PROCESS 1. SHOPPING CART Select the products you wold like to order by clicking the \u201cAdd to Cart\u201d button. This will put your selection in the cart. You can change this selection at any time until submitting your order by changing the number of products, delete the selection by clicking on the \u201eRemove\u201d button [&hellip;]<\/p>\n","protected":false},"author":858,"featured_media":0,"parent":0,"menu_order":0,"comment_status":"closed","ping_status":"closed","template":"","meta":{"_acf_changed":false,"footnotes":""},"class_list":["post-3287","page","type-page","status-publish","hentry"],"acf":[],"yoast_head":"<!-- This site is optimized with the Yoast SEO plugin v27.4 - https:\/\/yoast.com\/product\/yoast-seo-wordpress\/ -->\n<title>Ordering process - Hapro Technik Ges.m.b.H.<\/title>\n<meta name=\"robots\" content=\"index, follow, max-snippet:-1, max-image-preview:large, max-video-preview:-1\" \/>\n<link rel=\"canonical\" href=\"https:\/\/www.haprotechnik.com\/en\/ordering-process\/\" \/>\n<meta property=\"og:locale\" content=\"en_US\" \/>\n<meta property=\"og:type\" content=\"article\" \/>\n<meta property=\"og:title\" content=\"Ordering process - Hapro Technik Ges.m.b.H.\" \/>\n<meta property=\"og:description\" content=\"ORDERING PROCESS 1. SHOPPING CART Select the products you wold like to order by clicking the \u201cAdd to Cart\u201d button. This will put your selection in the cart. You can change this selection at any time until submitting your order by changing the number of products, delete the selection by clicking on the \u201eRemove\u201d button [&hellip;]\" \/>\n<meta property=\"og:url\" content=\"https:\/\/www.haprotechnik.com\/en\/ordering-process\/\" \/>\n<meta property=\"og:site_name\" content=\"Hapro Technik Ges.m.b.H.\" \/>\n<meta property=\"article:modified_time\" content=\"2021-11-02T13:28:12+00:00\" \/>\n<meta name=\"twitter:card\" content=\"summary_large_image\" \/>\n<meta name=\"twitter:label1\" content=\"Est. reading time\" \/>\n\t<meta name=\"twitter:data1\" content=\"1 minute\" \/>\n<script type=\"application\/ld+json\" class=\"yoast-schema-graph\">{\"@context\":\"https:\\\/\\\/schema.org\",\"@graph\":[{\"@type\":\"WebPage\",\"@id\":\"https:\\\/\\\/www.haprotechnik.com\\\/en\\\/ordering-process\\\/\",\"url\":\"https:\\\/\\\/www.haprotechnik.com\\\/en\\\/ordering-process\\\/\",\"name\":\"Ordering process - Hapro Technik Ges.m.b.H.\",\"isPartOf\":{\"@id\":\"https:\\\/\\\/www.haprotechnik.com\\\/en\\\/#website\"},\"datePublished\":\"2016-10-03T08:24:58+00:00\",\"dateModified\":\"2021-11-02T13:28:12+00:00\",\"breadcrumb\":{\"@id\":\"https:\\\/\\\/www.haprotechnik.com\\\/en\\\/ordering-process\\\/#breadcrumb\"},\"inLanguage\":\"en-US\",\"potentialAction\":[{\"@type\":\"ReadAction\",\"target\":[\"https:\\\/\\\/www.haprotechnik.com\\\/en\\\/ordering-process\\\/\"]}]},{\"@type\":\"BreadcrumbList\",\"@id\":\"https:\\\/\\\/www.haprotechnik.com\\\/en\\\/ordering-process\\\/#breadcrumb\",\"itemListElement\":[{\"@type\":\"ListItem\",\"position\":1,\"name\":\"Startseite\",\"item\":\"https:\\\/\\\/www.haprotechnik.com\\\/en\\\/\"},{\"@type\":\"ListItem\",\"position\":2,\"name\":\"Ordering process\"}]},{\"@type\":\"WebSite\",\"@id\":\"https:\\\/\\\/www.haprotechnik.com\\\/en\\\/#website\",\"url\":\"https:\\\/\\\/www.haprotechnik.com\\\/en\\\/\",\"name\":\"Hapro Technik Ges.m.b.H.\",\"description\":\"We keep your system flowing\",\"potentialAction\":[{\"@type\":\"SearchAction\",\"target\":{\"@type\":\"EntryPoint\",\"urlTemplate\":\"https:\\\/\\\/www.haprotechnik.com\\\/en\\\/?s={search_term_string}\"},\"query-input\":{\"@type\":\"PropertyValueSpecification\",\"valueRequired\":true,\"valueName\":\"search_term_string\"}}],\"inLanguage\":\"en-US\"}]}<\/script>\n<!-- \/ Yoast SEO plugin. -->","yoast_head_json":{"title":"Ordering process - Hapro Technik Ges.m.b.H.","robots":{"index":"index","follow":"follow","max-snippet":"max-snippet:-1","max-image-preview":"max-image-preview:large","max-video-preview":"max-video-preview:-1"},"canonical":"https:\/\/www.haprotechnik.com\/en\/ordering-process\/","og_locale":"en_US","og_type":"article","og_title":"Ordering process - Hapro Technik Ges.m.b.H.","og_description":"ORDERING PROCESS 1. SHOPPING CART Select the products you wold like to order by clicking the \u201cAdd to Cart\u201d button. This will put your selection in the cart. You can change this selection at any time until submitting your order by changing the number of products, delete the selection by clicking on the \u201eRemove\u201d button [&hellip;]","og_url":"https:\/\/www.haprotechnik.com\/en\/ordering-process\/","og_site_name":"Hapro Technik Ges.m.b.H.","article_modified_time":"2021-11-02T13:28:12+00:00","twitter_card":"summary_large_image","twitter_misc":{"Est. reading time":"1 minute"},"schema":{"@context":"https:\/\/schema.org","@graph":[{"@type":"WebPage","@id":"https:\/\/www.haprotechnik.com\/en\/ordering-process\/","url":"https:\/\/www.haprotechnik.com\/en\/ordering-process\/","name":"Ordering process - Hapro Technik Ges.m.b.H.","isPartOf":{"@id":"https:\/\/www.haprotechnik.com\/en\/#website"},"datePublished":"2016-10-03T08:24:58+00:00","dateModified":"2021-11-02T13:28:12+00:00","breadcrumb":{"@id":"https:\/\/www.haprotechnik.com\/en\/ordering-process\/#breadcrumb"},"inLanguage":"en-US","potentialAction":[{"@type":"ReadAction","target":["https:\/\/www.haprotechnik.com\/en\/ordering-process\/"]}]},{"@type":"BreadcrumbList","@id":"https:\/\/www.haprotechnik.com\/en\/ordering-process\/#breadcrumb","itemListElement":[{"@type":"ListItem","position":1,"name":"Startseite","item":"https:\/\/www.haprotechnik.com\/en\/"},{"@type":"ListItem","position":2,"name":"Ordering process"}]},{"@type":"WebSite","@id":"https:\/\/www.haprotechnik.com\/en\/#website","url":"https:\/\/www.haprotechnik.com\/en\/","name":"Hapro Technik Ges.m.b.H.","description":"We keep your system flowing","potentialAction":[{"@type":"SearchAction","target":{"@type":"EntryPoint","urlTemplate":"https:\/\/www.haprotechnik.com\/en\/?s={search_term_string}"},"query-input":{"@type":"PropertyValueSpecification","valueRequired":true,"valueName":"search_term_string"}}],"inLanguage":"en-US"}]}},"_links":{"self":[{"href":"https:\/\/www.haprotechnik.com\/en\/wp-json\/wp\/v2\/pages\/3287","targetHints":{"allow":["GET"]}}],"collection":[{"href":"https:\/\/www.haprotechnik.com\/en\/wp-json\/wp\/v2\/pages"}],"about":[{"href":"https:\/\/www.haprotechnik.com\/en\/wp-json\/wp\/v2\/types\/page"}],"author":[{"embeddable":true,"href":"https:\/\/www.haprotechnik.com\/en\/wp-json\/wp\/v2\/users\/858"}],"replies":[{"embeddable":true,"href":"https:\/\/www.haprotechnik.com\/en\/wp-json\/wp\/v2\/comments?post=3287"}],"version-history":[{"count":3,"href":"https:\/\/www.haprotechnik.com\/en\/wp-json\/wp\/v2\/pages\/3287\/revisions"}],"predecessor-version":[{"id":55292,"href":"https:\/\/www.haprotechnik.com\/en\/wp-json\/wp\/v2\/pages\/3287\/revisions\/55292"}],"wp:attachment":[{"href":"https:\/\/www.haprotechnik.com\/en\/wp-json\/wp\/v2\/media?parent=3287"}],"curies":[{"name":"wp","href":"https:\/\/api.w.org\/{rel}","templated":true}]}}